{"id":4198,"date":"2024-11-26T13:32:42","date_gmt":"2024-11-26T13:32:42","guid":{"rendered":"https:\/\/karategrojec.pl\/?page_id=4198"},"modified":"2025-01-06T16:21:39","modified_gmt":"2025-01-06T16:21:39","slug":"sciezka-sedziowska","status":"publish","type":"page","link":"https:\/\/karategrojec.pl\/index.php\/sciezka-sedziowska\/","title":{"rendered":"\u015acie\u017cka S\u0119dziowska"},"content":{"rendered":"<p>[et_pb_section fb_built=&#8221;1&#8243; _builder_version=&#8221;4.27.3&#8243; _module_preset=&#8221;default&#8221; custom_padding=&#8221;35px|||||&#8221; global_colors_info=&#8221;{}&#8221;][et_pb_row _builder_version=&#8221;4.27.3&#8243; _module_preset=&#8221;default&#8221; custom_padding=&#8221;5px||20px|||&#8221; global_colors_info=&#8221;{}&#8221;][et_pb_column type=&#8221;4_4&#8243; _builder_version=&#8221;4.27.3&#8243; _module_preset=&#8221;default&#8221; global_colors_info=&#8221;{}&#8221;][et_pb_text _builder_version=&#8221;4.27.3&#8243; _module_preset=&#8221;default&#8221; text_font=&#8221;Abril Fatface||||||||&#8221; text_font_size=&#8221;30px&#8221; custom_margin=&#8221;||8px|||&#8221; animation_style=&#8221;fade&#8221; global_colors_info=&#8221;{}&#8221;]<\/p>\n<p style=\"text-align: center;\"><span style=\"color: #000000;\">\u015acie\u017cka S\u0119dziowska<\/span><\/p>\n<p>[\/et_pb_text][\/et_pb_column][\/et_pb_row][et_pb_row column_structure=&#8221;1_2,1_2&#8243; _builder_version=&#8221;4.27.3&#8243; _module_preset=&#8221;default&#8221; custom_padding=&#8221;8px|||||&#8221; global_colors_info=&#8221;{}&#8221;][et_pb_column type=&#8221;1_2&#8243; _builder_version=&#8221;4.27.3&#8243; _module_preset=&#8221;default&#8221; global_colors_info=&#8221;{}&#8221;][et_pb_image src=&#8221;https:\/\/karategrojec.pl\/wp-content\/uploads\/2024\/11\/Zasady-otrzymania-Krajowych-Stopni-Sedziowskich-IKA-Poland-WUKF-Poland-Stopnie-Sedziowskie-Krajowe-IKA-Poland-Stopnie-sedziowskie-Miedzynarodowe-WUKF-\u2013-Sedzia-D-\u2013-Sedzia-C-\u2013-Sedzia-B-\u2013-Sedzia.png&#8221; title_text=&#8221;Zasady otrzymania Krajowych Stopni S\u0119dziowskich IKA Poland &#8211; WUKF Poland Stopnie S\u0119dziowskie Krajowe IKA Poland Stopnie s\u0119dziowskie Mi\u0119dzynarodowe WUKF \u2013 S\u0119dzia D \u2013 S\u0119dzia C \u2013 S\u0119dzia B \u2013 S\u0119dzia&#8221; _builder_version=&#8221;4.27.3&#8243; _module_preset=&#8221;default&#8221; animation_style=&#8221;fade&#8221; box_shadow_style=&#8221;preset1&#8243; global_colors_info=&#8221;{}&#8221;][\/et_pb_image][\/et_pb_column][et_pb_column type=&#8221;1_2&#8243; _builder_version=&#8221;4.27.3&#8243; _module_preset=&#8221;default&#8221; global_colors_info=&#8221;{}&#8221;][et_pb_image src=&#8221;https:\/\/karategrojec.pl\/wp-content\/uploads\/2024\/11\/Zasady-otrzymania-Krajowych-Stopni-Sedziowskich-IKA-Poland-WUKF-Poland-Stopnie-Sedziowskie-Krajowe-IKA-Poland-Stopnie-sedziowskie-Miedzynarodowe-WUKF-\u2013-Sedzia-D-\u2013-Sedzia-C-\u2013-Sedzia-B-\u2013-Sedzia1.png&#8221; title_text=&#8221;Zasady otrzymania Krajowych Stopni S\u0119dziowskich IKA Poland &#8211; WUKF Poland Stopnie S\u0119dziowskie Krajowe IKA Poland Stopnie s\u0119dziowskie Mi\u0119dzynarodowe WUKF \u2013 S\u0119dzia D \u2013 S\u0119dzia C \u2013 S\u0119dzia B \u2013 S\u0119dzia(1)&#8221; _builder_version=&#8221;4.27.3&#8243; _module_preset=&#8221;default&#8221; animation_style=&#8221;fade&#8221; box_shadow_style=&#8221;preset1&#8243; global_colors_info=&#8221;{}&#8221;][\/et_pb_image][\/et_pb_column][\/et_pb_row][et_pb_row _builder_version=&#8221;4.27.3&#8243; _module_preset=&#8221;default&#8221; custom_padding=&#8221;6px|||||&#8221; global_colors_info=&#8221;{}&#8221;][et_pb_column type=&#8221;4_4&#8243; _builder_version=&#8221;4.27.3&#8243; _module_preset=&#8221;default&#8221; global_colors_info=&#8221;{}&#8221;][et_pb_text _builder_version=&#8221;4.27.3&#8243; _module_preset=&#8221;default&#8221; text_font=&#8221;Poppins||||||||&#8221; text_font_size=&#8221;16px&#8221; text_line_height=&#8221;1.75em&#8221; animation_style=&#8221;fade&#8221; global_colors_info=&#8221;{}&#8221;]<\/p>\n<p><strong>\u00a01. Kandydaci oraz s\u0119dziowie s\u0105 zobligowani do:<\/strong><\/p>\n<p><strong><\/strong><\/p>\n<ul>\n<li>Zapoznania si\u0119 z Regulaminem Zawod\u00f3w Karate WUKF.<\/li>\n<li>Zachowania obiektywizmu, bezstronno\u015b\u0107 i uczciwo\u015b\u0107.<\/li>\n<li>Okazywania szacunku i zrozumienia.<\/li>\n<li>Zachowywania si\u0119 z godno\u015bci\u0105 i okazywania szacunku zawodnikom i innym osobom bior\u0105cym udzia\u0142 w zawodach.<\/li>\n<li>Ich ruchy podczas meczu musz\u0105 by\u0107 energiczne, zwinne, wyrafinowane, szybkie, pewne i precyzyjne, zachowuj\u0105c postaw\u0119 godn\u0105 s\u0119dziego WUKF.<\/li>\n<li>Skoncentrowania ca\u0142ej swojej uwagi na konkurencji, uwa\u017cnie i prawid\u0142owo obserwuj\u0105c ka\u017cdego zawodnika oceniaj\u0105c ka\u017cde dzia\u0142anie konkurent\u00f3w.<\/li>\n<li>Podczas trwania zawod\u00f3w nie wolno rozmawia\u0107 z nikim innym ni\u017c Menad\u017cerem Tatami, pozosta\u0142ymi s\u0119dziami, zawodnikami oraz Komisj\u0105 S\u0119dziowsk\u0105.<\/li>\n<\/ul>\n<p>[\/et_pb_text][\/et_pb_column][\/et_pb_row][et_pb_row _builder_version=&#8221;4.27.3&#8243; _module_preset=&#8221;default&#8221; custom_padding=&#8221;0px|||||&#8221; global_colors_info=&#8221;{}&#8221;][et_pb_column type=&#8221;4_4&#8243; _builder_version=&#8221;4.27.3&#8243; _module_preset=&#8221;default&#8221; global_colors_info=&#8221;{}&#8221;][et_pb_text _builder_version=&#8221;4.27.3&#8243; _module_preset=&#8221;default&#8221; text_font=&#8221;Abril Fatface||||||||&#8221; text_text_color=&#8221;#000000&#8243; text_font_size=&#8221;20px&#8221; text_line_height=&#8221;1.5em&#8221; animation_style=&#8221;fade&#8221; global_colors_info=&#8221;{}&#8221;]<\/p>\n<p style=\"text-align: center;\"><strong>Wymagania na Krajowe Stopnie S\u0119dziowskie<\/strong><\/p>\n<p>[\/et_pb_text][\/et_pb_column][\/et_pb_row][et_pb_row column_structure=&#8221;1_2,1_2&#8243; _builder_version=&#8221;4.27.3&#8243; _module_preset=&#8221;default&#8221; custom_padding=&#8221;8px|||||&#8221; global_colors_info=&#8221;{}&#8221;][et_pb_column type=&#8221;1_2&#8243; _builder_version=&#8221;4.27.3&#8243; _module_preset=&#8221;default&#8221; global_colors_info=&#8221;{}&#8221;][et_pb_image src=&#8221;https:\/\/karategrojec.pl\/wp-content\/uploads\/2024\/11\/Zasady-otrzymania-Krajowych-Stopni-Sedziowskich-IKA-Poland-WUKF-Poland-Stopnie-Sedziowskie-Krajowe-IKA-Poland-Stopnie-sedziowskie-Miedzynarodowe-WUKF-\u2013-Sedzia-D-\u2013-Sedzia-C-\u2013-Sedzia-B-\u2013-Sedzia4.png&#8221; title_text=&#8221;Zasady otrzymania Krajowych Stopni S\u0119dziowskich IKA Poland &#8211; WUKF Poland Stopnie S\u0119dziowskie Krajowe IKA Poland Stopnie s\u0119dziowskie Mi\u0119dzynarodowe WUKF \u2013 S\u0119dzia D \u2013 S\u0119dzia C \u2013 S\u0119dzia B \u2013 S\u0119dzia(4)&#8221; _builder_version=&#8221;4.27.3&#8243; _module_preset=&#8221;default&#8221; animation_style=&#8221;fade&#8221; box_shadow_style=&#8221;preset1&#8243; global_colors_info=&#8221;{}&#8221;][\/et_pb_image][\/et_pb_column][et_pb_column type=&#8221;1_2&#8243; _builder_version=&#8221;4.27.3&#8243; _module_preset=&#8221;default&#8221; global_colors_info=&#8221;{}&#8221;][et_pb_image src=&#8221;https:\/\/karategrojec.pl\/wp-content\/uploads\/2024\/11\/Zasady-otrzymania-Krajowych-Stopni-Sedziowskich-IKA-Poland-WUKF-Poland-Stopnie-Sedziowskie-Krajowe-IKA-Poland-Stopnie-sedziowskie-Miedzynarodowe-WUKF-\u2013-Sedzia-D-\u2013-Sedzia-C-\u2013-Sedzia-B-\u2013-Sedzia5.png&#8221; title_text=&#8221;Zasady otrzymania Krajowych Stopni S\u0119dziowskich IKA Poland &#8211; WUKF Poland Stopnie S\u0119dziowskie Krajowe IKA Poland Stopnie s\u0119dziowskie Mi\u0119dzynarodowe WUKF \u2013 S\u0119dzia D \u2013 S\u0119dzia C \u2013 S\u0119dzia B \u2013 S\u0119dzia(5)&#8221; _builder_version=&#8221;4.27.3&#8243; _module_preset=&#8221;default&#8221; animation_style=&#8221;fade&#8221; box_shadow_style=&#8221;preset1&#8243; global_colors_info=&#8221;{}&#8221;][\/et_pb_image][\/et_pb_column][\/et_pb_row][et_pb_row column_structure=&#8221;1_2,1_2&#8243; _builder_version=&#8221;4.27.3&#8243; _module_preset=&#8221;default&#8221; custom_padding=&#8221;5px|||||&#8221; global_colors_info=&#8221;{}&#8221;][et_pb_column type=&#8221;1_2&#8243; _builder_version=&#8221;4.27.3&#8243; _module_preset=&#8221;default&#8221; global_colors_info=&#8221;{}&#8221;][et_pb_image src=&#8221;https:\/\/karategrojec.pl\/wp-content\/uploads\/2024\/11\/Zasady-otrzymania-Krajowych-Stopni-Sedziowskich-IKA-Poland-WUKF-Poland-Stopnie-Sedziowskie-Krajowe-IKA-Poland-Stopnie-sedziowskie-Miedzynarodowe-WUKF-\u2013-Sedzia-D-\u2013-Sedzia-C-\u2013-Sedzia-B-\u2013-Sedzia6.png&#8221; title_text=&#8221;Zasady otrzymania Krajowych Stopni S\u0119dziowskich IKA Poland &#8211; WUKF Poland Stopnie S\u0119dziowskie Krajowe IKA Poland Stopnie s\u0119dziowskie Mi\u0119dzynarodowe WUKF \u2013 S\u0119dzia D \u2013 S\u0119dzia C \u2013 S\u0119dzia B \u2013 S\u0119dzia(6)&#8221; _builder_version=&#8221;4.27.3&#8243; _module_preset=&#8221;default&#8221; animation_style=&#8221;fade&#8221; box_shadow_style=&#8221;preset1&#8243; global_colors_info=&#8221;{}&#8221;][\/et_pb_image][\/et_pb_column][et_pb_column type=&#8221;1_2&#8243; _builder_version=&#8221;4.27.3&#8243; _module_preset=&#8221;default&#8221; global_colors_info=&#8221;{}&#8221;][et_pb_image src=&#8221;https:\/\/karategrojec.pl\/wp-content\/uploads\/2024\/11\/Zasady-otrzymania-Krajowych-Stopni-Sedziowskich-IKA-Poland-WUKF-Poland-Stopnie-Sedziowskie-Krajowe-IKA-Poland-Stopnie-sedziowskie-Miedzynarodowe-WUKF-\u2013-Sedzia-D-\u2013-Sedzia-C-\u2013-Sedzia-B-\u2013-Sedzia7.png&#8221; title_text=&#8221;Zasady otrzymania Krajowych Stopni S\u0119dziowskich IKA Poland &#8211; WUKF Poland Stopnie S\u0119dziowskie Krajowe IKA Poland Stopnie s\u0119dziowskie Mi\u0119dzynarodowe WUKF \u2013 S\u0119dzia D \u2013 S\u0119dzia C \u2013 S\u0119dzia B \u2013 S\u0119dzia(7)&#8221; _builder_version=&#8221;4.27.3&#8243; _module_preset=&#8221;default&#8221; animation_style=&#8221;fade&#8221; box_shadow_style=&#8221;preset1&#8243; global_colors_info=&#8221;{}&#8221;][\/et_pb_image][\/et_pb_column][\/et_pb_row][et_pb_row column_structure=&#8221;1_2,1_2&#8243; _builder_version=&#8221;4.27.3&#8243; _module_preset=&#8221;default&#8221; custom_padding=&#8221;2px|||||&#8221; global_colors_info=&#8221;{}&#8221;][et_pb_column type=&#8221;1_2&#8243; _builder_version=&#8221;4.27.3&#8243; _module_preset=&#8221;default&#8221; global_colors_info=&#8221;{}&#8221;][et_pb_image src=&#8221;https:\/\/karategrojec.pl\/wp-content\/uploads\/2024\/11\/Zasady-otrzymania-Krajowych-Stopni-Sedziowskich-IKA-Poland-WUKF-Poland-Stopnie-Sedziowskie-Krajowe-IKA-Poland-Stopnie-sedziowskie-Miedzynarodowe-WUKF-\u2013-Sedzia-D-\u2013-Sedzia-C-\u2013-Sedzia-B-\u2013-Sedzia8.png&#8221; title_text=&#8221;Zasady otrzymania Krajowych Stopni S\u0119dziowskich IKA Poland &#8211; WUKF Poland Stopnie S\u0119dziowskie Krajowe IKA Poland Stopnie s\u0119dziowskie Mi\u0119dzynarodowe WUKF \u2013 S\u0119dzia D \u2013 S\u0119dzia C \u2013 S\u0119dzia B \u2013 S\u0119dzia(8)&#8221; _builder_version=&#8221;4.27.3&#8243; _module_preset=&#8221;default&#8221; animation_style=&#8221;fade&#8221; box_shadow_style=&#8221;preset1&#8243; global_colors_info=&#8221;{}&#8221;][\/et_pb_image][\/et_pb_column][et_pb_column type=&#8221;1_2&#8243; _builder_version=&#8221;4.27.3&#8243; _module_preset=&#8221;default&#8221; global_colors_info=&#8221;{}&#8221;][et_pb_image src=&#8221;https:\/\/karategrojec.pl\/wp-content\/uploads\/2024\/11\/Zasady-otrzymania-Krajowych-Stopni-Sedziowskich-IKA-Poland-WUKF-Poland-Stopnie-Sedziowskie-Krajowe-IKA-Poland-Stopnie-sedziowskie-Miedzynarodowe-WUKF-\u2013-Sedzia-D-\u2013-Sedzia-C-\u2013-Sedzia-B-\u2013-Sedzia9.png&#8221; title_text=&#8221;Zasady otrzymania Krajowych Stopni S\u0119dziowskich IKA Poland &#8211; WUKF Poland Stopnie S\u0119dziowskie Krajowe IKA Poland Stopnie s\u0119dziowskie Mi\u0119dzynarodowe WUKF \u2013 S\u0119dzia D \u2013 S\u0119dzia C \u2013 S\u0119dzia B \u2013 S\u0119dzia(9)&#8221; _builder_version=&#8221;4.27.3&#8243; _module_preset=&#8221;default&#8221; animation_style=&#8221;fade&#8221; box_shadow_style=&#8221;preset1&#8243; global_colors_info=&#8221;{}&#8221;][\/et_pb_image][\/et_pb_column][\/et_pb_row][et_pb_row column_structure=&#8221;1_2,1_2&#8243; _builder_version=&#8221;4.27.3&#8243; _module_preset=&#8221;default&#8221; custom_padding=&#8221;1px|||||&#8221; global_colors_info=&#8221;{}&#8221;][et_pb_column type=&#8221;1_2&#8243; _builder_version=&#8221;4.27.3&#8243; _module_preset=&#8221;default&#8221; global_colors_info=&#8221;{}&#8221;][et_pb_image src=&#8221;https:\/\/karategrojec.pl\/wp-content\/uploads\/2024\/11\/Zasady-otrzymania-Krajowych-Stopni-Sedziowskich-IKA-Poland-WUKF-Poland-Stopnie-Sedziowskie-Krajowe-IKA-Poland-Stopnie-sedziowskie-Miedzynarodowe-WUKF-\u2013-Sedzia-D-\u2013-Sedzia-C-\u2013-Sedzia-B-\u2013-Sedzia10.png&#8221; title_text=&#8221;Zasady otrzymania Krajowych Stopni S\u0119dziowskich IKA Poland &#8211; WUKF Poland Stopnie S\u0119dziowskie Krajowe IKA Poland Stopnie s\u0119dziowskie Mi\u0119dzynarodowe WUKF \u2013 S\u0119dzia D \u2013 S\u0119dzia C \u2013 S\u0119dzia B \u2013 S\u0119dzia(10)&#8221; _builder_version=&#8221;4.27.3&#8243; _module_preset=&#8221;default&#8221; animation_style=&#8221;fade&#8221; box_shadow_style=&#8221;preset1&#8243; global_colors_info=&#8221;{}&#8221;][\/et_pb_image][\/et_pb_column][et_pb_column type=&#8221;1_2&#8243; _builder_version=&#8221;4.27.3&#8243; _module_preset=&#8221;default&#8221; global_colors_info=&#8221;{}&#8221;][et_pb_image src=&#8221;https:\/\/karategrojec.pl\/wp-content\/uploads\/2024\/11\/Zasady-otrzymania-Krajowych-Stopni-Sedziowskich-IKA-Poland-WUKF-Poland-Stopnie-Sedziowskie-Krajowe-IKA-Poland-Stopnie-sedziowskie-Miedzynarodowe-WUKF-\u2013-Sedzia-D-\u2013-Sedzia-C-\u2013-Sedzia-B-\u2013-Sedzia11.png&#8221; title_text=&#8221;Zasady otrzymania Krajowych Stopni S\u0119dziowskich IKA Poland &#8211; WUKF Poland Stopnie S\u0119dziowskie Krajowe IKA Poland Stopnie s\u0119dziowskie Mi\u0119dzynarodowe WUKF \u2013 S\u0119dzia D \u2013 S\u0119dzia C \u2013 S\u0119dzia B \u2013 S\u0119dzia(11)&#8221; _builder_version=&#8221;4.27.3&#8243; _module_preset=&#8221;default&#8221; animation_style=&#8221;fade&#8221; box_shadow_style=&#8221;preset1&#8243; global_colors_info=&#8221;{}&#8221;][\/et_pb_image][\/et_pb_column][\/et_pb_row][et_pb_row _builder_version=&#8221;4.27.3&#8243; _module_preset=&#8221;default&#8221; custom_padding=&#8221;0px|||||&#8221; global_colors_info=&#8221;{}&#8221;][et_pb_column type=&#8221;4_4&#8243; _builder_version=&#8221;4.27.3&#8243; _module_preset=&#8221;default&#8221; global_colors_info=&#8221;{}&#8221;][et_pb_text _builder_version=&#8221;4.27.3&#8243; _module_preset=&#8221;default&#8221; text_font=&#8221;Poppins||||||||&#8221; text_font_size=&#8221;16px&#8221; text_line_height=&#8221;1.75em&#8221; animation_style=&#8221;fade&#8221; global_colors_info=&#8221;{}&#8221;]<\/p>\n<p><strong>2. Decyzja o nadaniu stopnia:<\/strong><\/p>\n<p>Stopie\u0144 s\u0119dziowski przyznawany jest decyzj\u0105 Komisji S\u0119dziowskiej po przeprowadzeniu szczeg\u00f3\u0142owej weryfikacji kandydata. Proces ten obejmuje sprawdzenie, czy kandydat spe\u0142ni\u0142 wszystkie wymagane kryteria, kt\u00f3re s\u0105 warunkiem uzyskania wy\u017cszego stopnia. Wymagania te mog\u0105 obejmuj\u0105 wszystkie kryteria podane w tabelach powy\u017cej jak i sta\u017c s\u0119dziowski, szkolenia, a tak\u017ce pozytywn\u0105 ocen\u0119 dotychczasowej pracy. Po potwierdzeniu spe\u0142nienia wszystkich wytycznych komisja podejmuje ostateczn\u0105 decyzj\u0119 o nadaniu nowego stopnia s\u0119dziowskiego.<\/p>\n<p><strong>3. Utrzymanie stopnia s\u0119dziowskiego:<\/strong><\/p>\n<p>Stopie\u0144 s\u0119dziowski mo\u017ce zosta\u0107 obni\u017cony, je\u015bli s\u0119dzia nie uczestniczy regularnie w obowi\u0105zkowych szkoleniach oraz wykazuje brak aktywno\u015bci w zawodach organizowanych przez federacj\u0119. Decyzj\u0119 o obni\u017ceniu stopnia podejmuje Komisja S\u0119dziowska po analizie zaanga\u017cowania i spe\u0142niania wymog\u00f3w przez s\u0119dziego. Udzia\u0142 w szkoleniach oraz aktywna obecno\u015b\u0107 podczas zawod\u00f3w s\u0105 istotnymi elementami rozwoju i utrzymania kwalifikacji s\u0119dziowskich, a ich brak mo\u017ce skutkowa\u0107 decyzj\u0105 o cofni\u0119ciu stopnia na ni\u017cszy poziom.<\/p>\n<p><strong>4. Komisja S\u0119dziowska:<\/strong><\/p>\n<p>Decyzje o przyznaniu lub obni\u017ceniu stopnia b\u0119dzie podejmowa\u0107 komisja s\u0119dziowska, z\u0142o\u017cona z S\u0119dziego G\u0142\u00f3wnego IKA Poland \/WUKF Poland oraz dw\u00f3ch cz\u0142onk\u00f3w Zarz\u0105du IKA Poland \/WUKF Poland , wi\u0119kszo\u015bci\u0105 g\u0142os\u00f3w.<\/p>\n<p>Konsultacje prowadzi Sensei Szymon Ciepieniak.<\/p>\n<p><span class=\"x4k7w5x x1h91t0o x1h9r5lt x1jfb8zj xv2umb2 x1beo9mf xaigb6o x12ejxvf x3igimt xarpa2k xedcshv x1lytzrv x1t2pt76 x7ja8zs x1qrby5j\"><span class=\"xeuugli x18c0a79 xu37r0v x1fj9vlw x13faqbe x1vvkbs xuwz08h x14g2gp5 x1fxoii6 xrxb4jq x14ognje x5jzov0 xya83n1 x1lliihq x1s928wv xhkezso x1gmr53x x1cpjm7i x1fgarty x1943h6x x1bsfjaj\" dir=\"auto\"><strong>Kontakt<\/strong>: tel. 502 447 076, e-mail: <a href=\"mailto:szymon.karate@gmail.com\">szymon.karate@gmail.com<\/a><br \/><\/span><\/span><\/p>\n<p><span class=\"x4k7w5x x1h91t0o x1h9r5lt x1jfb8zj xv2umb2 x1beo9mf xaigb6o x12ejxvf x3igimt xarpa2k xedcshv x1lytzrv x1t2pt76 x7ja8zs x1qrby5j\"><span class=\"xeuugli x18c0a79 xu37r0v x1fj9vlw x13faqbe x1vvkbs xuwz08h x14g2gp5 x1fxoii6 xrxb4jq x14ognje x5jzov0 xya83n1 x1lliihq x1s928wv xhkezso x1gmr53x x1cpjm7i x1fgarty x1943h6x x1bsfjaj\" dir=\"auto\"><\/span><\/span><\/p>\n<p>[\/et_pb_text][\/et_pb_column][\/et_pb_row][\/et_pb_section]<\/p>\n","protected":false},"excerpt":{"rendered":"<p>\u015acie\u017cka S\u0119dziowska\u00a01. Kandydaci oraz s\u0119dziowie s\u0105 zobligowani do: Zapoznania si\u0119 z Regulaminem Zawod\u00f3w Karate WUKF. Zachowania obiektywizmu, bezstronno\u015b\u0107 i uczciwo\u015b\u0107. Okazywania szacunku i zrozumienia. Zachowywania si\u0119 z godno\u015bci\u0105 i okazywania szacunku zawodnikom i innym osobom bior\u0105cym udzia\u0142 w zawodach. Ich ruchy podczas meczu musz\u0105 by\u0107 energiczne, zwinne, wyrafinowane, szybkie, pewne i precyzyjne, zachowuj\u0105c postaw\u0119 godn\u0105 [&hellip;]<\/p>\n","protected":false},"author":1,"featured_media":0,"parent":0,"menu_order":0,"comment_status":"closed","ping_status":"closed","template":"","meta":{"_et_pb_use_builder":"on","_et_pb_old_content":"","_et_gb_content_width":"","footnotes":""},"_links":{"self":[{"href":"https:\/\/karategrojec.pl\/index.php\/wp-json\/wp\/v2\/pages\/4198"}],"collection":[{"href":"https:\/\/karategrojec.pl\/index.php\/wp-json\/wp\/v2\/pages"}],"about":[{"href":"https:\/\/karategrojec.pl\/index.php\/wp-json\/wp\/v2\/types\/page"}],"author":[{"embeddable":true,"href":"https:\/\/karategrojec.pl\/index.php\/wp-json\/wp\/v2\/users\/1"}],"replies":[{"embeddable":true,"href":"https:\/\/karategrojec.pl\/index.php\/wp-json\/wp\/v2\/comments?post=4198"}],"version-history":[{"count":15,"href":"https:\/\/karategrojec.pl\/index.php\/wp-json\/wp\/v2\/pages\/4198\/revisions"}],"predecessor-version":[{"id":4627,"href":"https:\/\/karategrojec.pl\/index.php\/wp-json\/wp\/v2\/pages\/4198\/revisions\/4627"}],"wp:attachment":[{"href":"https:\/\/karategrojec.pl\/index.php\/wp-json\/wp\/v2\/media?parent=4198"}],"curies":[{"name":"wp","href":"https:\/\/api.w.org\/{rel}","templated":true}]}}